{"id":708,"date":"2022-07-19T11:11:41","date_gmt":"2022-07-19T09:11:41","guid":{"rendered":"https:\/\/dev.kavarito.net\/?page_id=708"},"modified":"2022-07-21T10:52:17","modified_gmt":"2022-07-21T08:52:17","slug":"elementor-708","status":"publish","type":"page","link":"https:\/\/dev.kavarito.net\/?page_id=708","title":{"rendered":"Klauzula informacyjna RODO"},"content":{"rendered":"\t\t<div data-elementor-type=\"wp-page\" data-elementor-id=\"708\" class=\"elementor elementor-708\">\n\t\t\t\t\t\t\t\t\t<section class=\"elementor-section elementor-top-section elementor-element elementor-element-37fba63 elementor-section-boxed elementor-section-height-default elementor-section-height-default\" data-id=\"37fba63\" data-element_type=\"section\">\n\t\t\t\t\t\t<div class=\"elementor-container elementor-column-gap-default\">\n\t\t\t\t\t<div class=\"elementor-column elementor-col-100 elementor-top-column elementor-element elementor-element-f492e2b\" data-id=\"f492e2b\" data-element_type=\"column\">\n\t\t\t<div class=\"elementor-widget-wrap elementor-element-populated\">\n\t\t\t\t\t\t\t\t<div class=\"elementor-element elementor-element-91b4d81 elementor-widget elementor-widget-heading\" data-id=\"91b4d81\" data-element_type=\"widget\" data-widget_type=\"heading.default\">\n\t\t\t\t<div class=\"elementor-widget-container\">\n\t\t\t<style>\/*! elementor - v3.6.7 - 03-07-2022 *\/\n.elementor-heading-title{padding:0;margin:0;line-height:1}.elementor-widget-heading .elementor-heading-title[class*=elementor-size-]>a{color:inherit;font-size:inherit;line-height:inherit}.elementor-widget-heading .elementor-heading-title.elementor-size-small{font-size:15px}.elementor-widget-heading .elementor-heading-title.elementor-size-medium{font-size:19px}.elementor-widget-heading .elementor-heading-title.elementor-size-large{font-size:29px}.elementor-widget-heading .elementor-heading-title.elementor-size-xl{font-size:39px}.elementor-widget-heading .elementor-heading-title.elementor-size-xxl{font-size:59px}<\/style><h3 class=\"elementor-heading-title elementor-size-default\">Klauzula informacyjna RODO\n<\/h3>\t\t<\/div>\n\t\t\t\t<\/div>\n\t\t\t\t\t<\/div>\n\t\t<\/div>\n\t\t\t\t\t\t\t<\/div>\n\t\t<\/section>\n\t\t\t\t<section class=\"elementor-section elementor-top-section elementor-element elementor-element-c1cb499 elementor-section-boxed elementor-section-height-default elementor-section-height-default\" data-id=\"c1cb499\" data-element_type=\"section\">\n\t\t\t\t\t\t<div class=\"elementor-container elementor-column-gap-default\">\n\t\t\t\t\t<div class=\"elementor-column elementor-col-100 elementor-top-column elementor-element elementor-element-d2e804f\" data-id=\"d2e804f\" data-element_type=\"column\">\n\t\t\t<div class=\"elementor-widget-wrap elementor-element-populated\">\n\t\t\t\t\t\t\t\t<div class=\"elementor-element elementor-element-9b7b81f elementor-widget elementor-widget-text-editor\" data-id=\"9b7b81f\" data-element_type=\"widget\" data-widget_type=\"text-editor.default\">\n\t\t\t\t<div class=\"elementor-widget-container\">\n\t\t\t<style>\/*! elementor - v3.6.7 - 03-07-2022 *\/\n.elementor-widget-text-editor.elementor-drop-cap-view-stacked .elementor-drop-cap{background-color:#818a91;color:#fff}.elementor-widget-text-editor.elementor-drop-cap-view-framed .elementor-drop-cap{color:#818a91;border:3px solid;background-color:transparent}.elementor-widget-text-editor:not(.elementor-drop-cap-view-default) .elementor-drop-cap{margin-top:8px}.elementor-widget-text-editor:not(.elementor-drop-cap-view-default) .elementor-drop-cap-letter{width:1em;height:1em}.elementor-widget-text-editor .elementor-drop-cap{float:left;text-align:center;line-height:1;font-size:50px}.elementor-widget-text-editor .elementor-drop-cap-letter{display:inline-block}<\/style>\t\t\t\t<p>Zgodnie z art. 13 ust. 1-2 Rozporz\u0105dzenia Parlamentu Europejskiego i Rady (UE) 2016\/679 z dnia 27 kwietnia 2016 r. w sprawie ochrony os\u00f3b fizycznych w zwi\u0105zku z przetwarzaniem danych osobowych i w sprawie swobodnego przep\u0142ywu takich danych oraz uchylenia dyrektywy 95\/46\/WE (og\u00f3lne rozporz\u0105dzenie o ochronie danych) (dalej \u201e<strong>RODO<\/strong>\u201d) informuj\u0119, \u017ce:<\/p><p><strong>I. <\/strong>Administratorem Pani\/Pana* danych osobowych<strong>\u00a0<\/strong>jest<strong>\u00a0<\/strong>adwokat Rafa\u0142 Jab\u0142o\u0144ski prowadz\u0105cy dzia\u0142alno\u015b\u0107 gospodarcz\u0105 pod nazw\u0105 Kancelaria Adwokacka Rafa\u0142 Jab\u0142o\u0144ski, z g\u0142\u00f3wnym miejscem wykonywania dzia\u0142alno\u015bci na ul. M\u0142y\u0144skiej 1, 27 \u2013 400 Ostrowiec \u015awi\u0119tokrzyski, NIP: 661-460-13-12, adres e-mail:\u00a0<a href=\"mailto:sekretariat@kancelariaostrowiec.pl\" target=\"_blank\" rel=\"noopener noreferrer\">sekretariat@<wbr \/>kancelariaostrowiec.pl<\/a><\/p><p><strong>II. <\/strong>Inspektorem Ochrony Danych Osobowych jest \u015awi\u0119tokrzyska Izba Adwokacka w Kielcach (ul. \u015aw. Leonarda 1\/30, 25 \u2013 310 Kielce), za\u015b G\u0142\u00f3wnym Inspektorem jest adwokat Marcin Staniak (Kancelaria Adwokacka, ul. Zag\u00f3rska 18A\/4, 25-355 Kielce).<\/p><p><strong>II. <\/strong>B\u0119d\u0119 przetwarza\u0107 Pani\/Pana* dane wy\u0142\u0105cznie w celu wykonania umowy o udzielenie pomocy prawnej, obj\u0119tej udzielonym pe\u0142nomocnictwem\/zleceniem*, zgodnie z zasadami wymienionymi w art. 5 RODO i art. 6 ustawy z 26.05.1982r. Prawo o adwokaturze (j.t. Dz.U. 2017r., poz. 2368 z p\u00f3\u017an. zm.).<\/p><p>Niedopuszczalne jest przetwarzanie Pani\/Pana* danych w celu marketingu bezpo\u015bredniego.<\/p><p><strong>III.\u00a0<\/strong>Prawo do sprzeciwu<\/p><p>W ka\u017cdej chwili przys\u0142uguje Pani\/Panu* prawo do wniesienia sprzeciwu wobec przetwarzania Pani\/Pana* danych, przetwarzanych w celu i na podstawie wskazanych powy\u017cej. Przestaniemy przetwarza\u0107 Pani\/Pana* dane w tych celach, chyba \u017ce b\u0119dziemy w stanie wykaza\u0107, \u017ce istniej\u0105 wa\u017cne, prawnie uzasadnione podstawy, kt\u00f3re s\u0105 nadrz\u0119dne wobec Pani\/Pana* interes\u00f3w, praw i wolno\u015bci lub\u00a0\u00a0Pani\/Pana* dane b\u0119d\u0105 nam niezb\u0119dne do ewentualnego ustalenia, dochodzenia lub obrony roszcze\u0144.<\/p><p><strong>IV. <\/strong>B\u0119d\u0119 przechowywa\u0107\u00a0\u00a0dane przez okres niezb\u0119dny dla prawid\u0142owego wykonania umowy, nie d\u0142u\u017cej jednak ni\u017c do przedawnienia dochodzenia roszczenia lub zatarcia skazania.<\/p><p><strong>V. <\/strong>Pani\/Pana* dane osobowe mog\u0105 zosta\u0107 przekazywane wy\u0142\u0105cznie prawnikom, na kt\u00f3rych przepisy nak\u0142adaj\u0105 obowi\u0105zek zachowania tajemnicy \u2013 tylko w celu umo\u017cliwienia zast\u0119pstwa adwokata prowadz\u0105cego spraw\u0119 Pani\/Pana* lub pracownikom kancelarii, kt\u00f3rym powierzono pisemnie przetwarzanie danych osobowych i kt\u00f3rzy ponosz\u0105 odpowiedzialno\u015b\u0107 za naruszenie zasad przetwarzania.<\/p><p><strong>VI.\u00a0<\/strong>Zgodnie z RODO, przys\u0142uguje Pani\/Panu* prawo do:<\/p><p>a) dost\u0119pu do swoich danych oraz otrzymania ich kopii<\/p><p>b) sprostowania (poprawiania) swoich danych<\/p><p>c) \u017c\u0105dania usuni\u0119cia, ograniczenia lub wniesienia sprzeciwu wobec ich przetwarzania<\/p><p>d) przenoszenia danych<\/p><p>e) wniesienia skargi do organu nadzorczego<\/p><p><strong>VII.\u00a0<\/strong>Podanie danych jest dobrowolne z tym, \u017ce odmowa ich podania mo\u017ce utrudni\u0107 albo uniemo\u017cliwi\u0107 nale\u017cyt\u0105 pomoc prawn\u0105.<\/p><p><strong>VIII.\u00a0<\/strong>W ka\u017cdej chwili przys\u0142uguje Pani\/Panu* prawo do wycofania zgody na przetwarzanie Pani\/Pana* danych osobowych, (w tym nale\u017c\u0105cych do szczeg\u00f3lnej kategorii), ale cofni\u0119cie zgody nie wp\u0142ywa na zgodno\u015b\u0107 z prawem przetwarzania, kt\u00f3rego dokonano zgodnie z prawem, przed jej wycofaniem<\/p>\t\t\t\t\t\t<\/div>\n\t\t\t\t<\/div>\n\t\t\t\t\t<\/div>\n\t\t<\/div>\n\t\t\t\t\t\t\t<\/div>\n\t\t<\/section>\n\t\t\t\t\t\t\t<\/div>\n\t\t","protected":false},"excerpt":{"rendered":"<p>Klauzula informacyjna RODO Zgodnie z art. 13 ust. 1-2 Rozporz\u0105dzenia Parlamentu Europejskiego i Rady (UE) 2016\/679 z dnia 27 kwietnia 2016 r. w sprawie ochrony os\u00f3b fizycznych w zwi\u0105zku z przetwarzaniem danych osobowych i w sprawie swobodnego przep\u0142ywu takich danych oraz uchylenia dyrektywy 95\/46\/WE (og\u00f3lne rozporz\u0105dzenie o ochronie danych) (dalej \u201eRODO\u201d) informuj\u0119, \u017ce: I. Administratorem &hellip; <\/p>\n<p class=\"link-more\"><a href=\"https:\/\/dev.kavarito.net\/?page_id=708\" class=\"more-link\">Czytaj dalej<span class=\"screen-reader-text\"> \u201eKlauzula informacyjna RODO\u201d<\/span><\/a><\/p>\n","protected":false},"author":1,"featured_media":0,"parent":0,"menu_order":0,"comment_status":"closed","ping_status":"closed","template":"","meta":{"footnotes":""},"class_list":["post-708","page","type-page","status-publish","hentry","entry"],"aioseo_notices":[],"_links":{"self":[{"href":"https:\/\/dev.kavarito.net\/index.php?rest_route=\/wp\/v2\/pages\/708","targetHints":{"allow":["GET"]}}],"collection":[{"href":"https:\/\/dev.kavarito.net\/index.php?rest_route=\/wp\/v2\/pages"}],"about":[{"href":"https:\/\/dev.kavarito.net\/index.php?rest_route=\/wp\/v2\/types\/page"}],"author":[{"embeddable":true,"href":"https:\/\/dev.kavarito.net\/index.php?rest_route=\/wp\/v2\/users\/1"}],"replies":[{"embeddable":true,"href":"https:\/\/dev.kavarito.net\/index.php?rest_route=%2Fwp%2Fv2%2Fcomments&post=708"}],"version-history":[{"count":8,"href":"https:\/\/dev.kavarito.net\/index.php?rest_route=\/wp\/v2\/pages\/708\/revisions"}],"predecessor-version":[{"id":1287,"href":"https:\/\/dev.kavarito.net\/index.php?rest_route=\/wp\/v2\/pages\/708\/revisions\/1287"}],"wp:attachment":[{"href":"https:\/\/dev.kavarito.net\/index.php?rest_route=%2Fwp%2Fv2%2Fmedia&parent=708"}],"curies":[{"name":"wp","href":"https:\/\/api.w.org\/{rel}","templated":true}]}}